{"id":19,"date":"2018-08-26T14:58:47","date_gmt":"2018-08-26T14:58:47","guid":{"rendered":"https:\/\/test.weiterndorf.info\/?page_id=19"},"modified":"2019-11-10T15:05:26","modified_gmt":"2019-11-10T15:05:26","slug":"fotos-unserer-veranstalltungen","status":"publish","type":"page","link":"https:\/\/kartlfreunde.weiterndorf.info\/index.php\/fotos-unserer-veranstalltungen\/","title":{"rendered":"Fotos unserer Veranstalltungen"},"content":{"rendered":"\r\n<ul class=\"wp-block-list\">\r\n<li><a href=\"https:\/\/kartlfreunde.weiterndorf.info\/index.php\/ausflug-2019-nach-bayreuth\/\">Ausflug 2019 nach Bayreuth<\/a><\/li>\r\n<li><a href=\"https:\/\/kartlfreunde.weiterndorf.info\/index.php\/ausflug-nach-amberg\/\">Ausflug 2018 nach Amberg<\/a><\/li>\r\n<li><a href=\"https:\/\/kartlfreunde.weiterndorf.info\/index.php\/unser-10jaehriges-jubilaeum\/\">10j\u00e4hriges Jubil\u00e4um am 7.10.17<\/a><\/li>\r\n<li><a href=\"https:\/\/kartlfreunde.weiterndorf.info\/index.php\/ausflug-nach-muenchen\/\">Ausflug 2017 nach M\u00fcnchen<\/a><\/li>\r\n<li><a href=\"https:\/\/kartlfreunde.weiterndorf.info\/index.php\/ausflug-regensburg\/\">Ausflug 2016 nach Regensburg<\/a><\/li>\r\n<li><a href=\"https:\/\/kartlfreunde.weiterndorf.info\/index.php\/ausflug-nach-augsburg\/\">Ausflug 2015 nach Augsburg<\/a><\/li>\r\n<li><a href=\"https:\/\/kartlfreunde.weiterndorf.info\/index.php\/ausflug-forchheim\/\">Ausflug 2014 nach Forchheim<\/a><\/li>\r\n<li><a href=\"https:\/\/kartlfreunde.weiterndorf.info\/index.php\/2018\/08\/26\/ausflug-bamberg\/\">Ausflug 2013 nach Bamberg<\/a><\/li>\r\n<\/ul>\r\n\r\n\r\n\r\n<h4 class=\"wp-block-heading\">Familientag am 17. August 2013<\/h4>\r\n\r\n\r\n\r\n<figure class=\"wp-block-image\">\r\n<figure id=\"attachment_165\" aria-describedby=\"caption-attachment-165\" style=\"width: 700px\" class=\"wp-caption alignnone\"><img loading=\"lazy\" decoding=\"async\" class=\"wp-image-165 size-full\" src=\"https:\/\/kartlfreunde.weiterndorf.info\/wp-content\/uploads\/2019\/01\/b002.jpg\" alt=\"\" width=\"700\" height=\"469\" srcset=\"https:\/\/kartlfreunde.weiterndorf.info\/wp-content\/uploads\/2019\/01\/b002.jpg 700w, https:\/\/kartlfreunde.weiterndorf.info\/wp-content\/uploads\/2019\/01\/b002-300x201.jpg 300w\" sizes=\"auto, (max-width: 700px) 100vw, 700px\" \/><figcaption id=\"caption-attachment-165\" class=\"wp-caption-text\"><img loading=\"lazy\" decoding=\"async\" class=\"alignnone wp-image-186 size-full\" style=\"color: #333333; font-family: 'Noto Serif', serif; font-size: 17px;\" src=\"https:\/\/kartlfreunde.weiterndorf.info\/wp-content\/uploads\/2019\/01\/c007.jpg\" alt=\"\" width=\"700\" height=\"526\" srcset=\"https:\/\/kartlfreunde.weiterndorf.info\/wp-content\/uploads\/2019\/01\/c007.jpg 700w, https:\/\/kartlfreunde.weiterndorf.info\/wp-content\/uploads\/2019\/01\/c007-300x225.jpg 300w\" sizes=\"auto, (max-width: 700px) 100vw, 700px\" \/><span style=\"color: #333333; font-family: 'Noto Serif', serif; font-size: 17px;\">\u00a0<\/span><\/figcaption><\/figure>\r\n<img loading=\"lazy\" decoding=\"async\" class=\"wp-image-199 size-full aligncenter\" src=\"https:\/\/kartlfreunde.weiterndorf.info\/wp-content\/uploads\/2019\/01\/e001.jpg\" alt=\"\" width=\"539\" height=\"700\" srcset=\"https:\/\/kartlfreunde.weiterndorf.info\/wp-content\/uploads\/2019\/01\/e001.jpg 539w, https:\/\/kartlfreunde.weiterndorf.info\/wp-content\/uploads\/2019\/01\/e001-231x300.jpg 231w\" sizes=\"auto, (max-width: 539px) 100vw, 539px\" \/> <img loading=\"lazy\" decoding=\"async\" class=\"alignnone wp-image-200 size-full\" src=\"https:\/\/kartlfreunde.weiterndorf.info\/wp-content\/uploads\/2019\/01\/e002.jpg\" alt=\"\" width=\"700\" height=\"525\" srcset=\"https:\/\/kartlfreunde.weiterndorf.info\/wp-content\/uploads\/2019\/01\/e002.jpg 700w, https:\/\/kartlfreunde.weiterndorf.info\/wp-content\/uploads\/2019\/01\/e002-300x225.jpg 300w\" sizes=\"auto, (max-width: 700px) 100vw, 700px\" \/> <img loading=\"lazy\" decoding=\"async\" class=\"alignnone wp-image-201 size-full\" src=\"https:\/\/kartlfreunde.weiterndorf.info\/wp-content\/uploads\/2019\/01\/e003.jpg\" alt=\"\" width=\"700\" height=\"489\" srcset=\"https:\/\/kartlfreunde.weiterndorf.info\/wp-content\/uploads\/2019\/01\/e003.jpg 700w, https:\/\/kartlfreunde.weiterndorf.info\/wp-content\/uploads\/2019\/01\/e003-300x210.jpg 300w\" sizes=\"auto, (max-width: 700px) 100vw, 700px\" \/> <img loading=\"lazy\" decoding=\"async\" class=\"alignnone wp-image-202 size-full\" src=\"https:\/\/kartlfreunde.weiterndorf.info\/wp-content\/uploads\/2019\/01\/e004.jpg\" alt=\"\" width=\"700\" height=\"536\" srcset=\"https:\/\/kartlfreunde.weiterndorf.info\/wp-content\/uploads\/2019\/01\/e004.jpg 700w, https:\/\/kartlfreunde.weiterndorf.info\/wp-content\/uploads\/2019\/01\/e004-300x230.jpg 300w\" sizes=\"auto, (max-width: 700px) 100vw, 700px\" \/> <img loading=\"lazy\" decoding=\"async\" class=\"alignnone wp-image-203 size-full\" src=\"https:\/\/kartlfreunde.weiterndorf.info\/wp-content\/uploads\/2019\/01\/e005.jpg\" alt=\"\" width=\"700\" height=\"511\" srcset=\"https:\/\/kartlfreunde.weiterndorf.info\/wp-content\/uploads\/2019\/01\/e005.jpg 700w, https:\/\/kartlfreunde.weiterndorf.info\/wp-content\/uploads\/2019\/01\/e005-300x219.jpg 300w\" sizes=\"auto, (max-width: 700px) 100vw, 700px\" \/> <img loading=\"lazy\" decoding=\"async\" class=\"alignnone wp-image-204 size-full\" src=\"https:\/\/kartlfreunde.weiterndorf.info\/wp-content\/uploads\/2019\/01\/e006.jpg\" alt=\"\" width=\"700\" height=\"439\" srcset=\"https:\/\/kartlfreunde.weiterndorf.info\/wp-content\/uploads\/2019\/01\/e006.jpg 700w, https:\/\/kartlfreunde.weiterndorf.info\/wp-content\/uploads\/2019\/01\/e006-300x188.jpg 300w\" sizes=\"auto, (max-width: 700px) 100vw, 700px\" \/> <img loading=\"lazy\" decoding=\"async\" class=\"alignnone wp-image-205 size-full\" src=\"https:\/\/kartlfreunde.weiterndorf.info\/wp-content\/uploads\/2019\/01\/e007.jpg\" alt=\"\" width=\"700\" height=\"381\" srcset=\"https:\/\/kartlfreunde.weiterndorf.info\/wp-content\/uploads\/2019\/01\/e007.jpg 700w, https:\/\/kartlfreunde.weiterndorf.info\/wp-content\/uploads\/2019\/01\/e007-300x163.jpg 300w\" sizes=\"auto, (max-width: 700px) 100vw, 700px\" \/> <img loading=\"lazy\" decoding=\"async\" class=\"wp-image-206 size-full aligncenter\" src=\"https:\/\/kartlfreunde.weiterndorf.info\/wp-content\/uploads\/2019\/01\/e008.jpg\" alt=\"\" width=\"525\" height=\"700\" srcset=\"https:\/\/kartlfreunde.weiterndorf.info\/wp-content\/uploads\/2019\/01\/e008.jpg 525w, https:\/\/kartlfreunde.weiterndorf.info\/wp-content\/uploads\/2019\/01\/e008-225x300.jpg 225w\" sizes=\"auto, (max-width: 525px) 100vw, 525px\" \/> <img loading=\"lazy\" decoding=\"async\" class=\"wp-image-207 size-full aligncenter\" src=\"https:\/\/kartlfreunde.weiterndorf.info\/wp-content\/uploads\/2019\/01\/e009.jpg\" alt=\"\" width=\"526\" height=\"700\" srcset=\"https:\/\/kartlfreunde.weiterndorf.info\/wp-content\/uploads\/2019\/01\/e009.jpg 526w, https:\/\/kartlfreunde.weiterndorf.info\/wp-content\/uploads\/2019\/01\/e009-225x300.jpg 225w\" sizes=\"auto, (max-width: 526px) 100vw, 526px\" \/><\/figure>\r\n\r\n\r\n\r\n<h4 class=\"wp-block-heading\">Freiluftbierkopfturnier am 7.Juli 2013<\/h4>\r\n\r\n\r\n\r\n<figure class=\"wp-block-image\">\u00a0\u00a0\u00a0\u00a0\u00a0\u00a0\u00a0\u00a0\u00a0\u00a0\u00a0\u00a0<img loading=\"lazy\" decoding=\"async\" class=\"alignnone size-full wp-image-180\" src=\"https:\/\/kartlfreunde.weiterndorf.info\/wp-content\/uploads\/2019\/01\/c001.jpg\" alt=\"\" width=\"700\" height=\"529\" srcset=\"https:\/\/kartlfreunde.weiterndorf.info\/wp-content\/uploads\/2019\/01\/c001.jpg 700w, https:\/\/kartlfreunde.weiterndorf.info\/wp-content\/uploads\/2019\/01\/c001-300x227.jpg 300w\" sizes=\"auto, (max-width: 700px) 100vw, 700px\" \/> <img loading=\"lazy\" decoding=\"async\" class=\"alignnone size-full wp-image-181\" src=\"https:\/\/kartlfreunde.weiterndorf.info\/wp-content\/uploads\/2019\/01\/c002.jpg\" alt=\"\" width=\"700\" height=\"525\" srcset=\"https:\/\/kartlfreunde.weiterndorf.info\/wp-content\/uploads\/2019\/01\/c002.jpg 700w, https:\/\/kartlfreunde.weiterndorf.info\/wp-content\/uploads\/2019\/01\/c002-300x225.jpg 300w\" sizes=\"auto, (max-width: 700px) 100vw, 700px\" \/> <img loading=\"lazy\" decoding=\"async\" class=\"alignnone size-full wp-image-182\" src=\"https:\/\/kartlfreunde.weiterndorf.info\/wp-content\/uploads\/2019\/01\/c003.jpg\" alt=\"\" width=\"700\" height=\"525\" srcset=\"https:\/\/kartlfreunde.weiterndorf.info\/wp-content\/uploads\/2019\/01\/c003.jpg 700w, https:\/\/kartlfreunde.weiterndorf.info\/wp-content\/uploads\/2019\/01\/c003-300x225.jpg 300w\" sizes=\"auto, (max-width: 700px) 100vw, 700px\" \/> <img loading=\"lazy\" decoding=\"async\" class=\"alignnone size-full wp-image-183\" src=\"https:\/\/kartlfreunde.weiterndorf.info\/wp-content\/uploads\/2019\/01\/c004.jpg\" alt=\"\" width=\"700\" height=\"467\" srcset=\"https:\/\/kartlfreunde.weiterndorf.info\/wp-content\/uploads\/2019\/01\/c004.jpg 700w, https:\/\/kartlfreunde.weiterndorf.info\/wp-content\/uploads\/2019\/01\/c004-300x200.jpg 300w\" sizes=\"auto, (max-width: 700px) 100vw, 700px\" \/> <img loading=\"lazy\" decoding=\"async\" class=\"alignnone size-full wp-image-184\" src=\"https:\/\/kartlfreunde.weiterndorf.info\/wp-content\/uploads\/2019\/01\/c005.jpg\" alt=\"\" width=\"700\" height=\"525\" srcset=\"https:\/\/kartlfreunde.weiterndorf.info\/wp-content\/uploads\/2019\/01\/c005.jpg 700w, https:\/\/kartlfreunde.weiterndorf.info\/wp-content\/uploads\/2019\/01\/c005-300x225.jpg 300w\" sizes=\"auto, (max-width: 700px) 100vw, 700px\" \/> <img loading=\"lazy\" decoding=\"async\" class=\"alignnone size-full wp-image-186\" src=\"https:\/\/kartlfreunde.weiterndorf.info\/wp-content\/uploads\/2019\/01\/c007.jpg\" alt=\"\" width=\"700\" height=\"526\" srcset=\"https:\/\/kartlfreunde.weiterndorf.info\/wp-content\/uploads\/2019\/01\/c007.jpg 700w, https:\/\/kartlfreunde.weiterndorf.info\/wp-content\/uploads\/2019\/01\/c007-300x225.jpg 300w\" sizes=\"auto, (max-width: 700px) 100vw, 700px\" \/> <img loading=\"lazy\" decoding=\"async\" class=\"alignnone size-full wp-image-185\" src=\"https:\/\/kartlfreunde.weiterndorf.info\/wp-content\/uploads\/2019\/01\/c006.jpg\" alt=\"\" width=\"700\" height=\"525\" srcset=\"https:\/\/kartlfreunde.weiterndorf.info\/wp-content\/uploads\/2019\/01\/c006.jpg 700w, https:\/\/kartlfreunde.weiterndorf.info\/wp-content\/uploads\/2019\/01\/c006-300x225.jpg 300w\" sizes=\"auto, (max-width: 700px) 100vw, 700px\" \/> <img loading=\"lazy\" decoding=\"async\" class=\"alignnone size-full wp-image-187\" src=\"https:\/\/kartlfreunde.weiterndorf.info\/wp-content\/uploads\/2019\/01\/c008.jpg\" alt=\"\" width=\"700\" height=\"568\" srcset=\"https:\/\/kartlfreunde.weiterndorf.info\/wp-content\/uploads\/2019\/01\/c008.jpg 700w, https:\/\/kartlfreunde.weiterndorf.info\/wp-content\/uploads\/2019\/01\/c008-300x243.jpg 300w\" sizes=\"auto, (max-width: 700px) 100vw, 700px\" \/> <img loading=\"lazy\" decoding=\"async\" class=\"alignnone size-full wp-image-188\" src=\"https:\/\/kartlfreunde.weiterndorf.info\/wp-content\/uploads\/2019\/01\/c009.jpg\" alt=\"\" width=\"700\" height=\"547\" srcset=\"https:\/\/kartlfreunde.weiterndorf.info\/wp-content\/uploads\/2019\/01\/c009.jpg 700w, https:\/\/kartlfreunde.weiterndorf.info\/wp-content\/uploads\/2019\/01\/c009-300x234.jpg 300w\" sizes=\"auto, (max-width: 700px) 100vw, 700px\" \/> <img loading=\"lazy\" decoding=\"async\" class=\"alignnone size-full wp-image-190\" src=\"https:\/\/kartlfreunde.weiterndorf.info\/wp-content\/uploads\/2019\/01\/c011.jpg\" alt=\"\" width=\"700\" height=\"502\" srcset=\"https:\/\/kartlfreunde.weiterndorf.info\/wp-content\/uploads\/2019\/01\/c011.jpg 700w, https:\/\/kartlfreunde.weiterndorf.info\/wp-content\/uploads\/2019\/01\/c011-300x215.jpg 300w\" sizes=\"auto, (max-width: 700px) 100vw, 700px\" \/> <img loading=\"lazy\" decoding=\"async\" class=\"alignnone size-full wp-image-189\" src=\"https:\/\/kartlfreunde.weiterndorf.info\/wp-content\/uploads\/2019\/01\/c010.jpg\" alt=\"\" width=\"700\" height=\"611\" srcset=\"https:\/\/kartlfreunde.weiterndorf.info\/wp-content\/uploads\/2019\/01\/c010.jpg 700w, https:\/\/kartlfreunde.weiterndorf.info\/wp-content\/uploads\/2019\/01\/c010-300x262.jpg 300w\" sizes=\"auto, (max-width: 700px) 100vw, 700px\" \/> <img loading=\"lazy\" decoding=\"async\" class=\"alignnone size-full wp-image-191\" src=\"https:\/\/kartlfreunde.weiterndorf.info\/wp-content\/uploads\/2019\/01\/c012.jpg\" alt=\"\" width=\"700\" height=\"555\" srcset=\"https:\/\/kartlfreunde.weiterndorf.info\/wp-content\/uploads\/2019\/01\/c012.jpg 700w, https:\/\/kartlfreunde.weiterndorf.info\/wp-content\/uploads\/2019\/01\/c012-300x238.jpg 300w\" sizes=\"auto, (max-width: 700px) 100vw, 700px\" \/> <img loading=\"lazy\" decoding=\"async\" class=\"alignnone size-full wp-image-192\" src=\"https:\/\/kartlfreunde.weiterndorf.info\/wp-content\/uploads\/2019\/01\/c013.jpg\" alt=\"\" width=\"700\" height=\"497\" srcset=\"https:\/\/kartlfreunde.weiterndorf.info\/wp-content\/uploads\/2019\/01\/c013.jpg 700w, https:\/\/kartlfreunde.weiterndorf.info\/wp-content\/uploads\/2019\/01\/c013-300x213.jpg 300w\" sizes=\"auto, (max-width: 700px) 100vw, 700px\" \/><\/figure>\r\n\r\n\r\n\r\n<h4 class=\"wp-block-heading\">Familientag am 13. August 2011<\/h4>\r\n\r\n\r\n\r\n<figure class=\"wp-block-image\">\r\n<figure id=\"attachment_164\" aria-describedby=\"caption-attachment-164\" style=\"width: 700px\" class=\"wp-caption alignnone\"><img loading=\"lazy\" decoding=\"async\" class=\"size-full wp-image-164\" src=\"https:\/\/kartlfreunde.weiterndorf.info\/wp-content\/uploads\/2019\/01\/b001.jpg\" alt=\"\" width=\"700\" height=\"445\" srcset=\"https:\/\/kartlfreunde.weiterndorf.info\/wp-content\/uploads\/2019\/01\/b001.jpg 700w, https:\/\/kartlfreunde.weiterndorf.info\/wp-content\/uploads\/2019\/01\/b001-300x191.jpg 300w\" sizes=\"auto, (max-width: 700px) 100vw, 700px\" \/><figcaption id=\"caption-attachment-164\" class=\"wp-caption-text\"><img loading=\"lazy\" decoding=\"async\" class=\"size-full wp-image-165\" style=\"font-weight: bold; background-color: transparent; text-align: inherit; font-size: 17px;\" src=\"https:\/\/kartlfreunde.weiterndorf.info\/wp-content\/uploads\/2019\/01\/b002.jpg\" alt=\"\" width=\"700\" height=\"469\" srcset=\"https:\/\/kartlfreunde.weiterndorf.info\/wp-content\/uploads\/2019\/01\/b002.jpg 700w, https:\/\/kartlfreunde.weiterndorf.info\/wp-content\/uploads\/2019\/01\/b002-300x201.jpg 300w\" sizes=\"auto, (max-width: 700px) 100vw, 700px\" \/><\/figcaption><\/figure>\r\n<p><img loading=\"lazy\" decoding=\"async\" class=\"size-full wp-image-166\" style=\"font-weight: bold; background-color: transparent; text-align: inherit; font-size: 17px;\" src=\"https:\/\/kartlfreunde.weiterndorf.info\/wp-content\/uploads\/2019\/01\/b003.jpg\" alt=\"\" width=\"700\" height=\"435\" srcset=\"https:\/\/kartlfreunde.weiterndorf.info\/wp-content\/uploads\/2019\/01\/b003.jpg 700w, https:\/\/kartlfreunde.weiterndorf.info\/wp-content\/uploads\/2019\/01\/b003-300x186.jpg 300w\" sizes=\"auto, (max-width: 700px) 100vw, 700px\" \/><\/p>\r\n<p><img loading=\"lazy\" decoding=\"async\" class=\"size-full wp-image-168\" style=\"font-weight: bold; background-color: transparent; text-align: inherit; font-size: 17px;\" src=\"https:\/\/kartlfreunde.weiterndorf.info\/wp-content\/uploads\/2019\/01\/b005.jpg\" alt=\"\" width=\"700\" height=\"474\" srcset=\"https:\/\/kartlfreunde.weiterndorf.info\/wp-content\/uploads\/2019\/01\/b005.jpg 700w, https:\/\/kartlfreunde.weiterndorf.info\/wp-content\/uploads\/2019\/01\/b005-300x203.jpg 300w\" sizes=\"auto, (max-width: 700px) 100vw, 700px\" \/><\/p>\r\n<p><img loading=\"lazy\" decoding=\"async\" class=\"size-full wp-image-167\" style=\"font-weight: bold; background-color: transparent; text-align: inherit; font-size: 17px;\" src=\"https:\/\/kartlfreunde.weiterndorf.info\/wp-content\/uploads\/2019\/01\/b004.jpg\" alt=\"\" width=\"700\" height=\"401\" srcset=\"https:\/\/kartlfreunde.weiterndorf.info\/wp-content\/uploads\/2019\/01\/b004.jpg 700w, https:\/\/kartlfreunde.weiterndorf.info\/wp-content\/uploads\/2019\/01\/b004-300x172.jpg 300w\" sizes=\"auto, (max-width: 700px) 100vw, 700px\" \/><\/p>\r\n<p><img loading=\"lazy\" decoding=\"async\" class=\"size-full wp-image-169\" style=\"font-weight: bold; background-color: transparent; text-align: inherit; font-size: 17px;\" src=\"https:\/\/kartlfreunde.weiterndorf.info\/wp-content\/uploads\/2019\/01\/b006.jpg\" alt=\"\" width=\"700\" height=\"469\" srcset=\"https:\/\/kartlfreunde.weiterndorf.info\/wp-content\/uploads\/2019\/01\/b006.jpg 700w, https:\/\/kartlfreunde.weiterndorf.info\/wp-content\/uploads\/2019\/01\/b006-300x201.jpg 300w\" sizes=\"auto, (max-width: 700px) 100vw, 700px\" \/><\/p>\r\n<p><img loading=\"lazy\" decoding=\"async\" class=\"size-full wp-image-170\" style=\"font-weight: bold; background-color: transparent; text-align: inherit; font-size: 17px;\" src=\"https:\/\/kartlfreunde.weiterndorf.info\/wp-content\/uploads\/2019\/01\/b007.jpg\" alt=\"\" width=\"700\" height=\"447\" srcset=\"https:\/\/kartlfreunde.weiterndorf.info\/wp-content\/uploads\/2019\/01\/b007.jpg 700w, https:\/\/kartlfreunde.weiterndorf.info\/wp-content\/uploads\/2019\/01\/b007-300x192.jpg 300w\" sizes=\"auto, (max-width: 700px) 100vw, 700px\" \/><\/p>\r\n<p><img loading=\"lazy\" decoding=\"async\" class=\"size-full wp-image-171\" style=\"font-weight: bold; background-color: transparent; text-align: inherit; font-size: 17px;\" src=\"https:\/\/kartlfreunde.weiterndorf.info\/wp-content\/uploads\/2019\/01\/b008.jpg\" alt=\"\" width=\"700\" height=\"481\" srcset=\"https:\/\/kartlfreunde.weiterndorf.info\/wp-content\/uploads\/2019\/01\/b008.jpg 700w, https:\/\/kartlfreunde.weiterndorf.info\/wp-content\/uploads\/2019\/01\/b008-300x206.jpg 300w\" sizes=\"auto, (max-width: 700px) 100vw, 700px\" \/><\/p>\r\n<p><img loading=\"lazy\" decoding=\"async\" class=\"size-full wp-image-173\" style=\"font-weight: bold; background-color: transparent; text-align: inherit; font-size: 17px;\" src=\"https:\/\/kartlfreunde.weiterndorf.info\/wp-content\/uploads\/2019\/01\/b010.jpg\" alt=\"\" width=\"700\" height=\"430\" srcset=\"https:\/\/kartlfreunde.weiterndorf.info\/wp-content\/uploads\/2019\/01\/b010.jpg 700w, https:\/\/kartlfreunde.weiterndorf.info\/wp-content\/uploads\/2019\/01\/b010-300x184.jpg 300w\" sizes=\"auto, (max-width: 700px) 100vw, 700px\" \/><\/p>\r\n<p><img loading=\"lazy\" decoding=\"async\" class=\"size-full wp-image-172\" style=\"font-weight: bold; background-color: transparent; text-align: inherit; font-size: 17px;\" src=\"https:\/\/kartlfreunde.weiterndorf.info\/wp-content\/uploads\/2019\/01\/b009.jpg\" alt=\"\" width=\"700\" height=\"438\" srcset=\"https:\/\/kartlfreunde.weiterndorf.info\/wp-content\/uploads\/2019\/01\/b009.jpg 700w, https:\/\/kartlfreunde.weiterndorf.info\/wp-content\/uploads\/2019\/01\/b009-300x188.jpg 300w\" sizes=\"auto, (max-width: 700px) 100vw, 700px\" \/><\/p>\r\n<p><img loading=\"lazy\" decoding=\"async\" class=\"size-full wp-image-174\" style=\"font-weight: bold; background-color: transparent; text-align: inherit; font-size: 17px;\" src=\"https:\/\/kartlfreunde.weiterndorf.info\/wp-content\/uploads\/2019\/01\/b011.jpg\" alt=\"\" width=\"700\" height=\"503\" srcset=\"https:\/\/kartlfreunde.weiterndorf.info\/wp-content\/uploads\/2019\/01\/b011.jpg 700w, https:\/\/kartlfreunde.weiterndorf.info\/wp-content\/uploads\/2019\/01\/b011-300x216.jpg 300w\" sizes=\"auto, (max-width: 700px) 100vw, 700px\" \/><\/p>\r\n<p><img loading=\"lazy\" decoding=\"async\" class=\"size-full wp-image-176\" style=\"font-weight: bold; background-color: transparent; text-align: inherit; font-size: 17px;\" src=\"https:\/\/kartlfreunde.weiterndorf.info\/wp-content\/uploads\/2019\/01\/b013.jpg\" alt=\"\" width=\"700\" height=\"554\" srcset=\"https:\/\/kartlfreunde.weiterndorf.info\/wp-content\/uploads\/2019\/01\/b013.jpg 700w, https:\/\/kartlfreunde.weiterndorf.info\/wp-content\/uploads\/2019\/01\/b013-300x237.jpg 300w\" sizes=\"auto, (max-width: 700px) 100vw, 700px\" \/><\/p>\r\n<p><img loading=\"lazy\" decoding=\"async\" class=\"size-full wp-image-175\" style=\"font-weight: bold; background-color: transparent; text-align: inherit; font-size: 17px;\" src=\"https:\/\/kartlfreunde.weiterndorf.info\/wp-content\/uploads\/2019\/01\/b012.jpg\" alt=\"\" width=\"700\" height=\"490\" srcset=\"https:\/\/kartlfreunde.weiterndorf.info\/wp-content\/uploads\/2019\/01\/b012.jpg 700w, https:\/\/kartlfreunde.weiterndorf.info\/wp-content\/uploads\/2019\/01\/b012-300x210.jpg 300w\" sizes=\"auto, (max-width: 700px) 100vw, 700px\" \/><\/p>\r\n<p><img loading=\"lazy\" decoding=\"async\" class=\"size-full wp-image-177\" style=\"font-weight: bold; background-color: transparent; text-align: inherit; font-size: 17px;\" src=\"https:\/\/kartlfreunde.weiterndorf.info\/wp-content\/uploads\/2019\/01\/b014.jpg\" alt=\"\" width=\"700\" height=\"432\" srcset=\"https:\/\/kartlfreunde.weiterndorf.info\/wp-content\/uploads\/2019\/01\/b014.jpg 700w, https:\/\/kartlfreunde.weiterndorf.info\/wp-content\/uploads\/2019\/01\/b014-300x185.jpg 300w\" sizes=\"auto, (max-width: 700px) 100vw, 700px\" \/><\/p>\r\n<p><img loading=\"lazy\" decoding=\"async\" class=\"size-full wp-image-178\" style=\"font-weight: bold; background-color: transparent; text-align: inherit; font-size: 17px;\" src=\"https:\/\/kartlfreunde.weiterndorf.info\/wp-content\/uploads\/2019\/01\/b015.jpg\" alt=\"\" width=\"700\" height=\"474\" srcset=\"https:\/\/kartlfreunde.weiterndorf.info\/wp-content\/uploads\/2019\/01\/b015.jpg 700w, https:\/\/kartlfreunde.weiterndorf.info\/wp-content\/uploads\/2019\/01\/b015-300x203.jpg 300w\" sizes=\"auto, (max-width: 700px) 100vw, 700px\" \/><\/p>\r\n<span style=\"font-size: 20px; font-weight: bold; color: #333333; font-family: 'Noto Serif', serif;\">Freiluftbierkopfturnier am 3. Juli 2011, l<\/span><span style=\"font-size: 20px; font-weight: bold; color: #333333; font-family: 'Noto Serif', serif;\">eider wegen des Wetters in die Wirtschaft verlegt worden<\/span><\/figure>\r\n\r\n\r\n\r\n<figure class=\"wp-block-image\">\r\n<figure id=\"attachment_158\" aria-describedby=\"caption-attachment-158\" style=\"width: 700px\" class=\"wp-caption alignnone\"><img loading=\"lazy\" decoding=\"async\" class=\"size-full wp-image-158\" src=\"https:\/\/kartlfreunde.weiterndorf.info\/wp-content\/uploads\/2019\/01\/a001.jpg\" alt=\"\" width=\"700\" height=\"426\" srcset=\"https:\/\/kartlfreunde.weiterndorf.info\/wp-content\/uploads\/2019\/01\/a001.jpg 700w, https:\/\/kartlfreunde.weiterndorf.info\/wp-content\/uploads\/2019\/01\/a001-300x183.jpg 300w\" sizes=\"auto, (max-width: 700px) 100vw, 700px\" \/><figcaption id=\"caption-attachment-158\" class=\"wp-caption-text\"><img loading=\"lazy\" decoding=\"async\" class=\"size-full wp-image-159\" style=\"font-weight: bold; background-color: transparent; text-align: inherit; font-size: 17px;\" src=\"https:\/\/kartlfreunde.weiterndorf.info\/wp-content\/uploads\/2019\/01\/a002.jpg\" alt=\"\" width=\"700\" height=\"469\" srcset=\"https:\/\/kartlfreunde.weiterndorf.info\/wp-content\/uploads\/2019\/01\/a002.jpg 700w, https:\/\/kartlfreunde.weiterndorf.info\/wp-content\/uploads\/2019\/01\/a002-300x201.jpg 300w\" sizes=\"auto, (max-width: 700px) 100vw, 700px\" \/><\/figcaption><\/figure>\r\n<p><img loading=\"lazy\" decoding=\"async\" class=\"size-full wp-image-160\" style=\"font-weight: bold; background-color: transparent; text-align: inherit; font-size: 17px;\" src=\"https:\/\/kartlfreunde.weiterndorf.info\/wp-content\/uploads\/2019\/01\/a003.jpg\" alt=\"\" width=\"700\" height=\"460\" srcset=\"https:\/\/kartlfreunde.weiterndorf.info\/wp-content\/uploads\/2019\/01\/a003.jpg 700w, https:\/\/kartlfreunde.weiterndorf.info\/wp-content\/uploads\/2019\/01\/a003-300x197.jpg 300w\" sizes=\"auto, (max-width: 700px) 100vw, 700px\" \/><\/p>\r\n<p><img loading=\"lazy\" decoding=\"async\" class=\"size-full wp-image-161\" style=\"font-weight: bold; background-color: transparent; text-align: inherit; font-size: 17px;\" src=\"https:\/\/kartlfreunde.weiterndorf.info\/wp-content\/uploads\/2019\/01\/a004.jpg\" alt=\"\" width=\"700\" height=\"469\" srcset=\"https:\/\/kartlfreunde.weiterndorf.info\/wp-content\/uploads\/2019\/01\/a004.jpg 700w, https:\/\/kartlfreunde.weiterndorf.info\/wp-content\/uploads\/2019\/01\/a004-300x201.jpg 300w\" sizes=\"auto, (max-width: 700px) 100vw, 700px\" \/><\/p>\r\n<p><img loading=\"lazy\" decoding=\"async\" class=\"size-full wp-image-162\" style=\"font-weight: bold; background-color: transparent; text-align: inherit; font-size: 17px;\" src=\"https:\/\/kartlfreunde.weiterndorf.info\/wp-content\/uploads\/2019\/01\/a005.jpg\" alt=\"\" width=\"700\" height=\"488\" srcset=\"https:\/\/kartlfreunde.weiterndorf.info\/wp-content\/uploads\/2019\/01\/a005.jpg 700w, https:\/\/kartlfreunde.weiterndorf.info\/wp-content\/uploads\/2019\/01\/a005-300x209.jpg 300w\" sizes=\"auto, (max-width: 700px) 100vw, 700px\" \/><\/p>\r\n<p><img loading=\"lazy\" decoding=\"async\" class=\"size-full wp-image-163\" style=\"font-weight: bold; background-color: transparent; text-align: inherit; font-size: 17px;\" src=\"https:\/\/kartlfreunde.weiterndorf.info\/wp-content\/uploads\/2019\/01\/a006.jpg\" alt=\"\" width=\"700\" height=\"474\" srcset=\"https:\/\/kartlfreunde.weiterndorf.info\/wp-content\/uploads\/2019\/01\/a006.jpg 700w, https:\/\/kartlfreunde.weiterndorf.info\/wp-content\/uploads\/2019\/01\/a006-300x203.jpg 300w\" sizes=\"auto, (max-width: 700px) 100vw, 700px\" \/><\/p>\r\n<\/figure>\r\n ","protected":false},"excerpt":{"rendered":"<p>Ausflug 2019 nach Bayreuth Ausflug 2018 nach Amberg 10j\u00e4hriges Jubil\u00e4um am 7.10.17 Ausflug 2017 nach M\u00fcnchen Ausflug 2016 nach Regensburg Ausflug 2015 nach Augsburg Ausflug 2014 nach Forchheim Ausflug 2013 &hellip; <a href=\"https:\/\/kartlfreunde.weiterndorf.info\/index.php\/fotos-unserer-veranstalltungen\/\" class=\"more-link\"><span class=\"screen-reader-text\">Fotos unserer Veranstalltungen<\/span> weiterlesen<\/a><\/p>\n","protected":false},"author":1,"featured_media":0,"parent":0,"menu_order":0,"comment_status":"closed","ping_status":"closed","template":"","meta":{"footnotes":""},"class_list":["post-19","page","type-page","status-publish","hentry"],"_links":{"self":[{"href":"https:\/\/kartlfreunde.weiterndorf.info\/index.php\/wp-json\/wp\/v2\/pages\/19","targetHints":{"allow":["GET"]}}],"collection":[{"href":"https:\/\/kartlfreunde.weiterndorf.info\/index.php\/wp-json\/wp\/v2\/pages"}],"about":[{"href":"https:\/\/kartlfreunde.weiterndorf.info\/index.php\/wp-json\/wp\/v2\/types\/page"}],"author":[{"embeddable":true,"href":"https:\/\/kartlfreunde.weiterndorf.info\/index.php\/wp-json\/wp\/v2\/users\/1"}],"replies":[{"embeddable":true,"href":"https:\/\/kartlfreunde.weiterndorf.info\/index.php\/wp-json\/wp\/v2\/comments?post=19"}],"version-history":[{"count":10,"href":"https:\/\/kartlfreunde.weiterndorf.info\/index.php\/wp-json\/wp\/v2\/pages\/19\/revisions"}],"predecessor-version":[{"id":340,"href":"https:\/\/kartlfreunde.weiterndorf.info\/index.php\/wp-json\/wp\/v2\/pages\/19\/revisions\/340"}],"wp:attachment":[{"href":"https:\/\/kartlfreunde.weiterndorf.info\/index.php\/wp-json\/wp\/v2\/media?parent=19"}],"curies":[{"name":"wp","href":"https:\/\/api.w.org\/{rel}","templated":true}]}}