{"id":81,"date":"2018-08-26T17:48:30","date_gmt":"2018-08-26T17:48:30","guid":{"rendered":"https:\/\/kartlfreunde.weiterndorf.info\/?p=81"},"modified":"2019-01-20T19:41:00","modified_gmt":"2019-01-20T19:41:00","slug":"ausflug-bamberg","status":"publish","type":"page","link":"https:\/\/kartlfreunde.weiterndorf.info\/index.php\/ausflug-bamberg\/","title":{"rendered":"Ausflug Bamberg"},"content":{"rendered":"\r\n<h4 class=\"wp-block-heading\">1. Ausflug der Kartlfreunde am 20.07.2013 nach Bamberg<\/h4>\r\n\r\n\r\n\r\n<p>Samstag fr\u00fch um 9 Uhr trafen sich 11 Kartlfreunde am Bahnhof in Heilsbronn um ihren Horizont zu erweitern. Dass es sich beim Kulturgenuss in Bamberg auch um die Brau- und Kellerkultur handelte versteht sich von selbst. Auch das Wetter h\u00e4tte nicht besser sein k\u00f6nnen, so stand einem sch\u00f6nen Tag nichts im Wege<\/p>\r\n<p><img loading=\"lazy\" decoding=\"async\" class=\"alignnone size-full wp-image-259\" src=\"https:\/\/kartlfreunde.weiterndorf.info\/wp-content\/uploads\/2019\/01\/d001-1.jpg\" alt=\"\" width=\"700\" height=\"471\" srcset=\"https:\/\/kartlfreunde.weiterndorf.info\/wp-content\/uploads\/2019\/01\/d001-1.jpg 700w, https:\/\/kartlfreunde.weiterndorf.info\/wp-content\/uploads\/2019\/01\/d001-1-300x202.jpg 300w\" sizes=\"auto, (max-width: 700px) 100vw, 700px\" \/><\/p>\r\n\r\n\r\n\r\n\r\n\r\n<h2 class=\"wp-block-heading\">Unser erster Weg f\u00fchrte uns zur Brauerei Keesmann in Wunderburg, ungef\u00e4hr 25Min vom Bahnhof entfernt.<\/h2>\r\n\r\n\r\n\r\n<figure><center><iframe loading=\"lazy\" src=\"https:\/\/maps.google.de\/maps\/ms?msa=0&amp;msid=212098286921174173258.0004e200f7a08ca7a1999&amp;hl=de&amp;ie=UTF8&amp;t=m&amp;ll=49.895353,10.902214&amp;spn=0.015205,0.018239&amp;z=15&amp;output=embed\" width=\"425\" height=\"550\"><\/iframe><\/center><\/figure>\r\n\r\n\r\n\r\n<p><a href=\"https:\/\/maps.google.de\/maps\/ms?msa=0&amp;msid=212098286921174173258.0004e200f7a08ca7a1999&amp;hl=de&amp;ie=UTF8&amp;t=m&amp;ll=49.895353,10.902214&amp;spn=0.015205,0.018239&amp;z=15&amp;source=embed\">Zur Brauerei Keesmann<\/a>\u00a0auf einer gr\u00f6\u00dferen Karte anzeigen<\/p>\r\n\r\n\r\n\r\n<p>Nach der Fahrt im Zug mit seiner trockenen Luft und der kleinen Wanderung zur Brauerei kommt einem der Biergarten so vor wie einem Wanderer in der W\u00fcste die Oase.<\/p>\r\n<p><img loading=\"lazy\" decoding=\"async\" class=\"alignnone size-full wp-image-261\" src=\"https:\/\/kartlfreunde.weiterndorf.info\/wp-content\/uploads\/2019\/01\/d002-1.jpg\" alt=\"\" width=\"525\" height=\"700\" srcset=\"https:\/\/kartlfreunde.weiterndorf.info\/wp-content\/uploads\/2019\/01\/d002-1.jpg 525w, https:\/\/kartlfreunde.weiterndorf.info\/wp-content\/uploads\/2019\/01\/d002-1-225x300.jpg 225w\" sizes=\"auto, (max-width: 525px) 100vw, 525px\" \/> <img loading=\"lazy\" decoding=\"async\" class=\"alignnone size-full wp-image-262\" src=\"https:\/\/kartlfreunde.weiterndorf.info\/wp-content\/uploads\/2019\/01\/d003-1.jpg\" alt=\"\" width=\"700\" height=\"465\" srcset=\"https:\/\/kartlfreunde.weiterndorf.info\/wp-content\/uploads\/2019\/01\/d003-1.jpg 700w, https:\/\/kartlfreunde.weiterndorf.info\/wp-content\/uploads\/2019\/01\/d003-1-300x199.jpg 300w\" sizes=\"auto, (max-width: 700px) 100vw, 700px\" \/><\/p>\r\n<p>Leider waren die Buden der Wunderburger K\u00e4rwa noch geschlossen, sonst h\u00e4tten wir schon mal unsere Zielgenauigkeit an der Schie\u00dfbude \u00fcberpr\u00fcft.<\/p>\r\n\r\n\r\n\r\n\r\n\r\n\r\n\r\n\r\n\r\n<figure class=\"wp-block-image\"><\/figure>\r\n<p><img loading=\"lazy\" decoding=\"async\" class=\"alignnone size-full wp-image-263\" src=\"https:\/\/kartlfreunde.weiterndorf.info\/wp-content\/uploads\/2019\/01\/d004-1.jpg\" alt=\"\" width=\"700\" height=\"447\" srcset=\"https:\/\/kartlfreunde.weiterndorf.info\/wp-content\/uploads\/2019\/01\/d004-1.jpg 700w, https:\/\/kartlfreunde.weiterndorf.info\/wp-content\/uploads\/2019\/01\/d004-1-300x192.jpg 300w\" sizes=\"auto, (max-width: 700px) 100vw, 700px\" \/><\/p>\r\n\r\n\r\n\r\n<p>Entlang des Kanals, vorbei an Bambergs malerischer Altstadt, laufen wir weiter zu unserer n\u00e4chsten Station, den Brauereien F\u00e4ssla und Spezial.<\/p>\r\n<p><img loading=\"lazy\" decoding=\"async\" class=\"alignnone size-full wp-image-264\" src=\"https:\/\/kartlfreunde.weiterndorf.info\/wp-content\/uploads\/2019\/01\/d005-1.jpg\" alt=\"\" width=\"700\" height=\"552\" srcset=\"https:\/\/kartlfreunde.weiterndorf.info\/wp-content\/uploads\/2019\/01\/d005-1.jpg 700w, https:\/\/kartlfreunde.weiterndorf.info\/wp-content\/uploads\/2019\/01\/d005-1-300x237.jpg 300w\" sizes=\"auto, (max-width: 700px) 100vw, 700px\" \/><\/p>\r\n\r\n\r\n\r\n\r\n\r\n<figure><center><iframe loading=\"lazy\" src=\"https:\/\/maps.google.de\/maps\/ms?msa=0&amp;msid=212098286921174173258.0004e20149e7d2a87c865&amp;hl=de&amp;ie=UTF8&amp;t=m&amp;ll=49.893639,10.899382&amp;spn=0.009676,0.018282&amp;z=15&amp;output=embed\" width=\"425\" height=\"350\"><\/iframe><\/center><\/figure>\r\n\r\n\r\n\r\n<p><a href=\"https:\/\/maps.google.de\/maps\/ms?msa=0&amp;msid=212098286921174173258.0004e20149e7d2a87c865&amp;hl=de&amp;ie=UTF8&amp;t=m&amp;ll=49.893639,10.899382&amp;spn=0.009676,0.018282&amp;z=15&amp;source=embed\">Zu den Brauereien F\u00e4ssla und Spezial<\/a>\u00a0auf einer gr\u00f6\u00dferen Karte anzeigen<\/p>\r\n\r\n\r\n\r\n<p>In der Brauerei F\u00e4ssla haben wir dann noch einen Tisch f\u00fcr uns alle gefunden. Es war zwar sehr warm, aber f\u00fcr den Durst kein Hindernis.<\/p>\r\n\r\n\r\n\r\n<figure class=\"wp-block-image\"><img loading=\"lazy\" decoding=\"async\" class=\"alignnone size-full wp-image-265\" src=\"https:\/\/kartlfreunde.weiterndorf.info\/wp-content\/uploads\/2019\/01\/d006-1.jpg\" alt=\"\" width=\"700\" height=\"542\" srcset=\"https:\/\/kartlfreunde.weiterndorf.info\/wp-content\/uploads\/2019\/01\/d006-1.jpg 700w, https:\/\/kartlfreunde.weiterndorf.info\/wp-content\/uploads\/2019\/01\/d006-1-300x232.jpg 300w\" sizes=\"auto, (max-width: 700px) 100vw, 700px\" \/> <img loading=\"lazy\" decoding=\"async\" class=\"alignnone size-full wp-image-266\" src=\"https:\/\/kartlfreunde.weiterndorf.info\/wp-content\/uploads\/2019\/01\/d007.jpg\" alt=\"\" width=\"700\" height=\"461\" srcset=\"https:\/\/kartlfreunde.weiterndorf.info\/wp-content\/uploads\/2019\/01\/d007.jpg 700w, https:\/\/kartlfreunde.weiterndorf.info\/wp-content\/uploads\/2019\/01\/d007-300x198.jpg 300w\" sizes=\"auto, (max-width: 700px) 100vw, 700px\" \/> <img loading=\"lazy\" decoding=\"async\" class=\"alignnone size-full wp-image-267\" src=\"https:\/\/kartlfreunde.weiterndorf.info\/wp-content\/uploads\/2019\/01\/d008.jpg\" alt=\"\" width=\"700\" height=\"525\" srcset=\"https:\/\/kartlfreunde.weiterndorf.info\/wp-content\/uploads\/2019\/01\/d008.jpg 700w, https:\/\/kartlfreunde.weiterndorf.info\/wp-content\/uploads\/2019\/01\/d008-300x225.jpg 300w\" sizes=\"auto, (max-width: 700px) 100vw, 700px\" \/><\/figure>\r\n\r\n\r\n\r\n<p>Auf dem Weg durch die Altstadt von Bamberg zu unserem n\u00e4chsten Ziel<\/p>\r\n\r\n\r\n\r\n<p><img loading=\"lazy\" decoding=\"async\" class=\"alignnone size-full wp-image-268\" src=\"https:\/\/kartlfreunde.weiterndorf.info\/wp-content\/uploads\/2019\/01\/d009.jpg\" alt=\"\" width=\"700\" height=\"496\" srcset=\"https:\/\/kartlfreunde.weiterndorf.info\/wp-content\/uploads\/2019\/01\/d009.jpg 700w, https:\/\/kartlfreunde.weiterndorf.info\/wp-content\/uploads\/2019\/01\/d009-300x213.jpg 300w\" sizes=\"auto, (max-width: 700px) 100vw, 700px\" \/><\/p>\r\n\r\n\r\n\r\n<p>Hier freuen sich Burgw\u00e4chter und Abus, die Schlosshersteller<\/p>\r\n\r\n\r\n\r\n<figure class=\"wp-block-image\"><img loading=\"lazy\" decoding=\"async\" class=\"alignnone size-full wp-image-269\" src=\"https:\/\/kartlfreunde.weiterndorf.info\/wp-content\/uploads\/2019\/01\/d010.jpg\" alt=\"\" width=\"700\" height=\"527\" srcset=\"https:\/\/kartlfreunde.weiterndorf.info\/wp-content\/uploads\/2019\/01\/d010.jpg 700w, https:\/\/kartlfreunde.weiterndorf.info\/wp-content\/uploads\/2019\/01\/d010-300x226.jpg 300w\" sizes=\"auto, (max-width: 700px) 100vw, 700px\" \/> <img loading=\"lazy\" decoding=\"async\" class=\"alignnone size-full wp-image-270\" src=\"https:\/\/kartlfreunde.weiterndorf.info\/wp-content\/uploads\/2019\/01\/d011.jpg\" alt=\"\" width=\"700\" height=\"519\" srcset=\"https:\/\/kartlfreunde.weiterndorf.info\/wp-content\/uploads\/2019\/01\/d011.jpg 700w, https:\/\/kartlfreunde.weiterndorf.info\/wp-content\/uploads\/2019\/01\/d011-300x222.jpg 300w\" sizes=\"auto, (max-width: 700px) 100vw, 700px\" \/><\/figure>\r\n<p>&nbsp;<\/p>\r\n\r\n\r\n\r\n\r\n\r\n<p><a href=\"https:\/\/maps.google.de\/maps\/ms?msa=0&amp;;msid=212098286921174173258.0004e204a5719e849115d&amp;hl=de&amp;ie=UTF8&amp;t=m&amp;ll=49.893999,10.888653&amp;spn=0.009676,0.018239&amp;z=15&amp;source=embed\">Zu den n\u00e4chsten Stationen Schlenkerla Ambr\u00e4usianum\u00a0<\/a>auf einer gr\u00f6\u00dferen Karte anzeigen<\/p>\r\n\r\n\r\n\r\n<figure class=\"wp-block-image\"><img loading=\"lazy\" decoding=\"async\" class=\"alignnone size-full wp-image-271\" src=\"https:\/\/kartlfreunde.weiterndorf.info\/wp-content\/uploads\/2019\/01\/d012.jpg\" alt=\"\" width=\"700\" height=\"525\" srcset=\"https:\/\/kartlfreunde.weiterndorf.info\/wp-content\/uploads\/2019\/01\/d012.jpg 700w, https:\/\/kartlfreunde.weiterndorf.info\/wp-content\/uploads\/2019\/01\/d012-300x225.jpg 300w\" sizes=\"auto, (max-width: 700px) 100vw, 700px\" \/><\/figure>\r\n\r\n\r\n\r\n<p>Man merkt dass an diesem Samstag &#8222;Bamberg Zaubert&#8220; ist, da an jeder Ecke Zauberer, Artisten und andere K\u00fcnstler stehen.<\/p>\r\n\r\n\r\n\r\n<figure class=\"wp-block-image\"><img loading=\"lazy\" decoding=\"async\" class=\"alignnone size-full wp-image-272\" src=\"https:\/\/kartlfreunde.weiterndorf.info\/wp-content\/uploads\/2019\/01\/d013.jpg\" alt=\"\" width=\"700\" height=\"600\" srcset=\"https:\/\/kartlfreunde.weiterndorf.info\/wp-content\/uploads\/2019\/01\/d013.jpg 700w, https:\/\/kartlfreunde.weiterndorf.info\/wp-content\/uploads\/2019\/01\/d013-300x257.jpg 300w\" sizes=\"auto, (max-width: 700px) 100vw, 700px\" \/> <img loading=\"lazy\" decoding=\"async\" class=\"size-full wp-image-273 aligncenter\" src=\"https:\/\/kartlfreunde.weiterndorf.info\/wp-content\/uploads\/2019\/01\/d014.jpg\" alt=\"\" width=\"400\" height=\"700\" srcset=\"https:\/\/kartlfreunde.weiterndorf.info\/wp-content\/uploads\/2019\/01\/d014.jpg 400w, https:\/\/kartlfreunde.weiterndorf.info\/wp-content\/uploads\/2019\/01\/d014-171x300.jpg 171w\" sizes=\"auto, (max-width: 400px) 100vw, 400px\" \/><\/figure>\r\n\r\n\r\n\r\n<p>Die beiden schauen aus als w\u00e4re irgend ein Asiatischer Mangacomic zum Leben erwacht. J\u00f6rg hat beschlossen, dass es an der Zeit ist einen K\u00f6nig zu Kr\u00f6nen. Ein stattlicher K\u00f6nig, der doch seinen Untertanen huldvoll zul\u00e4chelt<\/p>\r\n\r\n\r\n\r\n\r\n\r\n\r\n\r\n\r\n\r\n\r\n\r\n<figure class=\"wp-block-image\"><\/figure>\r\n<p><img loading=\"lazy\" decoding=\"async\" class=\"alignnone size-full wp-image-274\" src=\"https:\/\/kartlfreunde.weiterndorf.info\/wp-content\/uploads\/2019\/01\/d015.jpg\" alt=\"\" width=\"700\" height=\"676\" srcset=\"https:\/\/kartlfreunde.weiterndorf.info\/wp-content\/uploads\/2019\/01\/d015.jpg 700w, https:\/\/kartlfreunde.weiterndorf.info\/wp-content\/uploads\/2019\/01\/d015-300x290.jpg 300w\" sizes=\"auto, (max-width: 700px) 100vw, 700px\" \/> <img loading=\"lazy\" decoding=\"async\" class=\"alignnone size-full wp-image-275\" src=\"https:\/\/kartlfreunde.weiterndorf.info\/wp-content\/uploads\/2019\/01\/d016.jpg\" alt=\"\" width=\"412\" height=\"700\" srcset=\"https:\/\/kartlfreunde.weiterndorf.info\/wp-content\/uploads\/2019\/01\/d016.jpg 412w, https:\/\/kartlfreunde.weiterndorf.info\/wp-content\/uploads\/2019\/01\/d016-177x300.jpg 177w\" sizes=\"auto, (max-width: 412px) 100vw, 412px\" \/> <img loading=\"lazy\" decoding=\"async\" class=\"alignnone size-full wp-image-276\" src=\"https:\/\/kartlfreunde.weiterndorf.info\/wp-content\/uploads\/2019\/01\/d017.jpg\" alt=\"\" width=\"700\" height=\"580\" srcset=\"https:\/\/kartlfreunde.weiterndorf.info\/wp-content\/uploads\/2019\/01\/d017.jpg 700w, https:\/\/kartlfreunde.weiterndorf.info\/wp-content\/uploads\/2019\/01\/d017-300x249.jpg 300w\" sizes=\"auto, (max-width: 700px) 100vw, 700px\" \/> <img loading=\"lazy\" decoding=\"async\" class=\"alignnone size-full wp-image-277\" src=\"https:\/\/kartlfreunde.weiterndorf.info\/wp-content\/uploads\/2019\/01\/d018.jpg\" alt=\"\" width=\"519\" height=\"700\" srcset=\"https:\/\/kartlfreunde.weiterndorf.info\/wp-content\/uploads\/2019\/01\/d018.jpg 519w, https:\/\/kartlfreunde.weiterndorf.info\/wp-content\/uploads\/2019\/01\/d018-222x300.jpg 222w\" sizes=\"auto, (max-width: 519px) 100vw, 519px\" \/> <img loading=\"lazy\" decoding=\"async\" class=\"alignnone size-full wp-image-278\" src=\"https:\/\/kartlfreunde.weiterndorf.info\/wp-content\/uploads\/2019\/01\/d019.jpg\" alt=\"\" width=\"700\" height=\"525\" srcset=\"https:\/\/kartlfreunde.weiterndorf.info\/wp-content\/uploads\/2019\/01\/d019.jpg 700w, https:\/\/kartlfreunde.weiterndorf.info\/wp-content\/uploads\/2019\/01\/d019-300x225.jpg 300w\" sizes=\"auto, (max-width: 700px) 100vw, 700px\" \/> <img loading=\"lazy\" decoding=\"async\" class=\"alignnone size-full wp-image-279\" src=\"https:\/\/kartlfreunde.weiterndorf.info\/wp-content\/uploads\/2019\/01\/d020.jpg\" alt=\"\" width=\"529\" height=\"700\" srcset=\"https:\/\/kartlfreunde.weiterndorf.info\/wp-content\/uploads\/2019\/01\/d020.jpg 529w, https:\/\/kartlfreunde.weiterndorf.info\/wp-content\/uploads\/2019\/01\/d020-227x300.jpg 227w\" sizes=\"auto, (max-width: 529px) 100vw, 529px\" \/><\/p>\r\n\r\n\r\n\r\n<p>Vorbei am alten Rathaus in die Gegend unter dem Dom<\/p>\r\n\r\n\r\n\r\n\r\n\r\n<figure class=\"wp-block-image\"><img loading=\"lazy\" decoding=\"async\" class=\"alignnone size-full wp-image-280\" src=\"https:\/\/kartlfreunde.weiterndorf.info\/wp-content\/uploads\/2019\/01\/d021.jpg\" alt=\"\" width=\"525\" height=\"700\" srcset=\"https:\/\/kartlfreunde.weiterndorf.info\/wp-content\/uploads\/2019\/01\/d021.jpg 525w, https:\/\/kartlfreunde.weiterndorf.info\/wp-content\/uploads\/2019\/01\/d021-225x300.jpg 225w\" sizes=\"auto, (max-width: 525px) 100vw, 525px\" \/><\/figure>\r\n<p>&nbsp;<\/p>\r\n\r\n\r\n\r\n<p>Das historische Gasthaus &#8222;Zum Schlenkerla&#8220;. Hier hat sich die Gruppe kurz aufgeteilt. Viele sind zum Dom, einige wollten das Bamberger Rauchbier testen, was zu einer Versp\u00e4tung bei der n\u00e4chsten Station gef\u00fchrt hat.<\/p>\r\n\r\n\r\n\r\n<figure class=\"wp-block-image\"><img loading=\"lazy\" decoding=\"async\" class=\"alignnone size-full wp-image-281\" src=\"https:\/\/kartlfreunde.weiterndorf.info\/wp-content\/uploads\/2019\/01\/d022.jpg\" alt=\"\" width=\"700\" height=\"525\" srcset=\"https:\/\/kartlfreunde.weiterndorf.info\/wp-content\/uploads\/2019\/01\/d022.jpg 700w, https:\/\/kartlfreunde.weiterndorf.info\/wp-content\/uploads\/2019\/01\/d022-300x225.jpg 300w\" sizes=\"auto, (max-width: 700px) 100vw, 700px\" \/> <img loading=\"lazy\" decoding=\"async\" class=\"alignnone size-full wp-image-282\" src=\"https:\/\/kartlfreunde.weiterndorf.info\/wp-content\/uploads\/2019\/01\/d023.jpg\" alt=\"\" width=\"700\" height=\"525\" srcset=\"https:\/\/kartlfreunde.weiterndorf.info\/wp-content\/uploads\/2019\/01\/d023.jpg 700w, https:\/\/kartlfreunde.weiterndorf.info\/wp-content\/uploads\/2019\/01\/d023-300x225.jpg 300w\" sizes=\"auto, (max-width: 700px) 100vw, 700px\" \/><\/figure>\r\n\r\n\r\n\r\n<p>Mit etwas Versp\u00e4tung waren dann doch alle im Amb\u00e4usianum versammelt. Erst mal eine Bierprobe bestellen. So hat jeder die M\u00f6glichkeit sein Lieblingsbier herauszufinden. Tipp von mir: nach 2 Rauchbier schmeckt jedes andere Bier irgend wie komisch. Das legt sich erst nach einiger Zeit.<\/p>\r\n\r\n\r\n\r\n\r\n\r\n\r\n\r\n\r\n\r\n<p>Weiter in der Nachmittagshitze zum n\u00e4chsten Ziel, dem Bierkeller &#8222;Wilde Rose&#8220;. Der Keller ist eine Bamberger Institution, hier geht man nicht in den Biergarten sonder auf den Keller.<\/p>\r\n\r\n\r\n\r\n<figure><center><iframe loading=\"lazy\" src=\"https:\/\/maps.google.de\/maps\/ms?msa=0&amp;msid=212098286921174173258.0004e205225f143846227&amp;hl=de&amp;ie=UTF8&amp;t=m&amp;ll=49.887418,10.885992&amp;spn=0.007604,0.007489&amp;z=16&amp;output=embed\" width=\"350\" height=\"550\"><\/iframe><\/center><\/figure>\r\n\r\n\r\n\r\n<p><a href=\"https:\/\/maps.google.de\/maps\/ms?msa=0&amp;msid=212098286921174173258.0004e205225f143846227&amp;hl=de&amp;ie=UTF8&amp;t=m&amp;ll=49.887418,10.885992&amp;spn=0.007604,0.007489&amp;z=16&amp;source=embed\">Zum Wilde Rose Keller<\/a>\u00a0auf einer gr\u00f6\u00dferen Karte anzeigen<\/p>\r\n\r\n\r\n\r\n<p>Ich geb ja zu, wir sind durch mangelnde Navigation meinerseits, den Empfehlungen eines einheimischen Antialkoholikers und schlichtes vers\u00e4umen einer Abbiegem\u00f6glichkeit mehr als einen Kilometer Umweg gelaufen, aber dann doch noch angekommen.<\/p>\r\n\r\n\r\n\r\n\r\n\r\n<p>Schlie\u00dflich sind wir doch angekommen und nach dieser Anstrengung hat ein k\u00fchler Schluck noch viel besser geschmeckt.<\/p>\r\n\r\n\r\n\r\n<figure class=\"wp-block-image\"><img loading=\"lazy\" decoding=\"async\" class=\"alignnone size-full wp-image-283\" src=\"https:\/\/kartlfreunde.weiterndorf.info\/wp-content\/uploads\/2019\/01\/d025.jpg\" alt=\"\" width=\"565\" height=\"700\" srcset=\"https:\/\/kartlfreunde.weiterndorf.info\/wp-content\/uploads\/2019\/01\/d025.jpg 565w, https:\/\/kartlfreunde.weiterndorf.info\/wp-content\/uploads\/2019\/01\/d025-242x300.jpg 242w\" sizes=\"auto, (max-width: 565px) 100vw, 565px\" \/> <img loading=\"lazy\" decoding=\"async\" class=\"alignnone size-full wp-image-284\" src=\"https:\/\/kartlfreunde.weiterndorf.info\/wp-content\/uploads\/2019\/01\/d026.jpg\" alt=\"\" width=\"700\" height=\"525\" srcset=\"https:\/\/kartlfreunde.weiterndorf.info\/wp-content\/uploads\/2019\/01\/d026.jpg 700w, https:\/\/kartlfreunde.weiterndorf.info\/wp-content\/uploads\/2019\/01\/d026-300x225.jpg 300w\" sizes=\"auto, (max-width: 700px) 100vw, 700px\" \/> <img loading=\"lazy\" decoding=\"async\" class=\"alignnone size-full wp-image-285\" src=\"https:\/\/kartlfreunde.weiterndorf.info\/wp-content\/uploads\/2019\/01\/d027.jpg\" alt=\"\" width=\"700\" height=\"494\" srcset=\"https:\/\/kartlfreunde.weiterndorf.info\/wp-content\/uploads\/2019\/01\/d027.jpg 700w, https:\/\/kartlfreunde.weiterndorf.info\/wp-content\/uploads\/2019\/01\/d027-300x212.jpg 300w\" sizes=\"auto, (max-width: 700px) 100vw, 700px\" \/> <img loading=\"lazy\" decoding=\"async\" class=\"alignnone size-full wp-image-286\" src=\"https:\/\/kartlfreunde.weiterndorf.info\/wp-content\/uploads\/2019\/01\/d028.jpg\" alt=\"\" width=\"700\" height=\"440\" srcset=\"https:\/\/kartlfreunde.weiterndorf.info\/wp-content\/uploads\/2019\/01\/d028.jpg 700w, https:\/\/kartlfreunde.weiterndorf.info\/wp-content\/uploads\/2019\/01\/d028-300x189.jpg 300w\" sizes=\"auto, (max-width: 700px) 100vw, 700px\" \/><\/figure>\r\n\r\n\r\n\r\n<p>Zur\u00fcck ging es dann mit Bus und Bahn. Nachdem ich nur positive R\u00fcckmeldungen erhalten habe wird das nicht unser letzter Ausflug gewesen sein. F\u00fcr 2014 werde ich wieder einen planen.<\/p>\r\n\r\n\r\n ","protected":false},"excerpt":{"rendered":"<p>1. Ausflug der Kartlfreunde am 20.07.2013 nach Bamberg Samstag fr\u00fch um 9 Uhr trafen sich 11 Kartlfreunde am Bahnhof in Heilsbronn um ihren Horizont zu erweitern. Dass es sich beim &hellip; <a href=\"https:\/\/kartlfreunde.weiterndorf.info\/index.php\/ausflug-bamberg\/\" class=\"more-link\"><span class=\"screen-reader-text\">Ausflug Bamberg<\/span> weiterlesen<\/a><\/p>\n","protected":false},"author":1,"featured_media":0,"parent":0,"menu_order":0,"comment_status":"open","ping_status":"closed","template":"","meta":{"footnotes":""},"class_list":["post-81","page","type-page","status-publish","hentry"],"_links":{"self":[{"href":"https:\/\/kartlfreunde.weiterndorf.info\/index.php\/wp-json\/wp\/v2\/pages\/81","targetHints":{"allow":["GET"]}}],"collection":[{"href":"https:\/\/kartlfreunde.weiterndorf.info\/index.php\/wp-json\/wp\/v2\/pages"}],"about":[{"href":"https:\/\/kartlfreunde.weiterndorf.info\/index.php\/wp-json\/wp\/v2\/types\/page"}],"author":[{"embeddable":true,"href":"https:\/\/kartlfreunde.weiterndorf.info\/index.php\/wp-json\/wp\/v2\/users\/1"}],"replies":[{"embeddable":true,"href":"https:\/\/kartlfreunde.weiterndorf.info\/index.php\/wp-json\/wp\/v2\/comments?post=81"}],"version-history":[{"count":4,"href":"https:\/\/kartlfreunde.weiterndorf.info\/index.php\/wp-json\/wp\/v2\/pages\/81\/revisions"}],"predecessor-version":[{"id":287,"href":"https:\/\/kartlfreunde.weiterndorf.info\/index.php\/wp-json\/wp\/v2\/pages\/81\/revisions\/287"}],"wp:attachment":[{"href":"https:\/\/kartlfreunde.weiterndorf.info\/index.php\/wp-json\/wp\/v2\/media?parent=81"}],"curies":[{"name":"wp","href":"https:\/\/api.w.org\/{rel}","templated":true}]}}